{"id":357,"date":"2025-03-22T16:12:08","date_gmt":"2025-03-22T16:12:08","guid":{"rendered":"https:\/\/voonetwork.co.mz\/giftcard\/?post_type=product&#038;p=357"},"modified":"2026-01-07T10:24:12","modified_gmt":"2026-01-07T10:24:12","slug":"unitv-1-mes","status":"publish","type":"product","link":"https:\/\/voonetwork.co.mz\/giftcard\/produto\/unitv-1-mes\/","title":{"rendered":"Unitv Mensal"},"content":{"rendered":"<div style=\"margin-top: 0px;font-family: Arial;font-size: 12px;font-style: normal;font-weight: 400;letter-spacing: normal;text-align: left;text-indent: 0px;text-transform: none;text-decoration: none\">O UniTV \u00e9 um aplicativo de TV muito popular no Brasil,<span class=\"Apple-converted-space\">\u00a0<\/span><strong>temtodos os<span class=\"Apple-converted-space\">\u00a0<\/span>canais de TV ao vivo do Brasil, v\u00e1rias categorias<span class=\"Apple-converted-space\">\u00a0<\/span>de VOD<\/strong><span class=\"Apple-converted-space\">\u00a0<\/span>,e tem uma<span class=\"Apple-converted-space\">\u00a0<\/span>se\u00e7\u00e3o de recomenda\u00e7\u00f5es de v\u00eddeos para<span class=\"Apple-converted-space\">\u00a0<\/span>voc\u00ea encontrar o que deseja<span class=\"Apple-converted-space\">\u00a0<\/span>de forma r\u00e1pida e f\u00e1cil.<\/div>\n<div style=\"margin-top: 14.03125px;font-family: Arial;font-size: 12px;font-style: normal;font-weight: 400;letter-spacing: normal;text-align: left;text-indent: 0px;text-transform: none;text-decoration: none\">Abrange transmiss\u00e3o ao vivo, filmes, s\u00e9ries, programas<span class=\"Apple-converted-space\">\u00a0<\/span>de variedades,<span class=\"Apple-converted-space\">\u00a0<\/span>anima\u00e7\u00e3o e outras categorias, e possui<span class=\"Apple-converted-space\">\u00a0<\/span>fun\u00e7\u00e3o de reprodu\u00e7\u00e3o de v\u00eddeo<span class=\"Apple-converted-space\">\u00a0<\/span>de ultra-alta defini\u00e7\u00e3o 4K.<\/div>\n<div style=\"margin-top: 14.03125px;font-family: Arial;font-size: 12px;font-style: normal;font-weight: 400;letter-spacing: normal;text-align: left;text-indent: 0px;text-transform: none;text-decoration: none\">Voc\u00ea pode baixar e instalar diretamente no seu Android<span class=\"Apple-converted-space\">\u00a0<\/span>celular e TV Box, e pode experimentar gratuitamente.<span class=\"Apple-converted-space\">\u00a0<\/span>Voc\u00ea tamb\u00e9m pode instal\u00e1-lo e us\u00e1-lo em algumas Smart<span class=\"Apple-converted-space\">\u00a0<\/span>TVs, TV sticks e PCs (emuladores).<\/div>\n","protected":false},"excerpt":{"rendered":"<h2 class=\"elementor-heading-title elementor-size-default\">O C\u00d3DIGO SER\u00c1 ENVIADO POR E-MAIL E FICAR\u00c1 DISPON\u00cdVEL EM NOSSA PLATAFORMA<\/h2>\n","protected":false},"featured_media":6397,"comment_status":"open","ping_status":"closed","template":"","meta":[],"product_brand":[],"product_cat":[48],"product_tag":[49],"class_list":{"0":"post-357","1":"product","2":"type-product","3":"status-publish","4":"has-post-thumbnail","6":"product_cat-tv","7":"product_tag-unitv","9":"first","10":"instock","11":"downloadable","12":"virtual","13":"taxable","14":"purchasable","15":"product-type-simple"},"jetpack_sharing_enabled":true,"_links":{"self":[{"href":"https:\/\/voonetwork.co.mz\/giftcard\/wp-json\/wp\/v2\/product\/357","targetHints":{"allow":["GET"]}}],"collection":[{"href":"https:\/\/voonetwork.co.mz\/giftcard\/wp-json\/wp\/v2\/product"}],"about":[{"href":"https:\/\/voonetwork.co.mz\/giftcard\/wp-json\/wp\/v2\/types\/product"}],"replies":[{"embeddable":true,"href":"https:\/\/voonetwork.co.mz\/giftcard\/wp-json\/wp\/v2\/comments?post=357"}],"wp:featuredmedia":[{"embeddable":true,"href":"https:\/\/voonetwork.co.mz\/giftcard\/wp-json\/wp\/v2\/media\/6397"}],"wp:attachment":[{"href":"https:\/\/voonetwork.co.mz\/giftcard\/wp-json\/wp\/v2\/media?parent=357"}],"wp:term":[{"taxonomy":"product_brand","embeddable":true,"href":"https:\/\/voonetwork.co.mz\/giftcard\/wp-json\/wp\/v2\/product_brand?post=357"},{"taxonomy":"product_cat","embeddable":true,"href":"https:\/\/voonetwork.co.mz\/giftcard\/wp-json\/wp\/v2\/product_cat?post=357"},{"taxonomy":"product_tag","embeddable":true,"href":"https:\/\/voonetwork.co.mz\/giftcard\/wp-json\/wp\/v2\/product_tag?post=357"}],"curies":[{"name":"wp","href":"https:\/\/api.w.org\/{rel}","templated":true}]}}