{"id":8009,"date":"2026-01-07T10:13:25","date_gmt":"2026-01-07T10:13:25","guid":{"rendered":"https:\/\/voonetwork.co.mz\/giftcard\/?post_type=product&#038;p=8009"},"modified":"2026-01-07T10:13:58","modified_gmt":"2026-01-07T10:13:58","slug":"cartao-psn-50-dolares-playstation-network-usa","status":"publish","type":"product","link":"https:\/\/voonetwork.co.mz\/giftcard\/produto\/cartao-psn-50-dolares-playstation-network-usa\/","title":{"rendered":"Cart\u00e3o PSN $50 D\u00f3lares Playstation Network &#8211; USA"},"content":{"rendered":"<p>Os PlayStation\u00ae Network Cards permitem que qualquer pessoa desfrute da enorme variedade de conte\u00fados\u00a0<strong>PS3, PS4, PS Vita e PSP<\/strong>\u00a0dispon\u00edveis para download na PlayStation\u00ae Store.<\/p>\n<p>Os PlayStation\u00ae Network Cards s\u00e3o a forma mais r\u00e1pido e f\u00e1cil para todos adicionarem cr\u00e9dito \u00e0 sua carteira na PlayStation\u00ae Network, uma vez que os fundos estejam na sua carteira PlayStation\u00ae Network, voc\u00ea poder\u00e1 comprar o que quiser &#8211; sejam jogos completos, packs de expans\u00e3o (add-ons), assinar ou renovar a sua Playstation Plus ou at\u00e9 mesmo comprar items para personalizar sua conta na PSN.<\/p>\n<p><strong>* PSN Card somente para contas Americanas (EUA &#8211; Estados Unidos da Am\u00e9rica \/ USA &#8211; United States of America)\u00a0<\/strong><\/p>\n<p>Tags:\u00a0\u00a0<strong>Playstation Network Card<\/strong>,\u00a0<strong>Cart\u00e3o PSN<\/strong>,\u00a0<strong>50<\/strong>,\u00a0<strong>c\u00f3digo<\/strong>,\u00a0<strong>via<\/strong>,\u00a0<strong>email<\/strong>,\u00a0<strong>d\u00f3lares<\/strong><\/p>\n<div>*Disponibilidade imediata &#8211; Envio do\u00a0<strong>c\u00f3digo<\/strong>\u00a0do cart\u00e3o via email em 20 minutos.<\/div>\n","protected":false},"excerpt":{"rendered":"<p>Cart\u00e3o pr\u00e9 pago Playstation Network Store para PS3, PS4, PS Vita e PSP. Cr\u00e9dito com $50 d\u00f3lares, envio do c\u00f3digo do gift card via e-mail.<\/p>\n","protected":false},"featured_media":8010,"comment_status":"open","ping_status":"closed","template":"","meta":[],"product_brand":[],"product_cat":[47],"product_tag":[],"class_list":{"0":"post-8009","1":"product","2":"type-product","3":"status-publish","4":"has-post-thumbnail","6":"product_cat-playstation","8":"first","9":"instock","10":"virtual","11":"taxable","12":"purchasable","13":"product-type-simple"},"jetpack_sharing_enabled":true,"_links":{"self":[{"href":"https:\/\/voonetwork.co.mz\/giftcard\/wp-json\/wp\/v2\/product\/8009","targetHints":{"allow":["GET"]}}],"collection":[{"href":"https:\/\/voonetwork.co.mz\/giftcard\/wp-json\/wp\/v2\/product"}],"about":[{"href":"https:\/\/voonetwork.co.mz\/giftcard\/wp-json\/wp\/v2\/types\/product"}],"replies":[{"embeddable":true,"href":"https:\/\/voonetwork.co.mz\/giftcard\/wp-json\/wp\/v2\/comments?post=8009"}],"wp:featuredmedia":[{"embeddable":true,"href":"https:\/\/voonetwork.co.mz\/giftcard\/wp-json\/wp\/v2\/media\/8010"}],"wp:attachment":[{"href":"https:\/\/voonetwork.co.mz\/giftcard\/wp-json\/wp\/v2\/media?parent=8009"}],"wp:term":[{"taxonomy":"product_brand","embeddable":true,"href":"https:\/\/voonetwork.co.mz\/giftcard\/wp-json\/wp\/v2\/product_brand?post=8009"},{"taxonomy":"product_cat","embeddable":true,"href":"https:\/\/voonetwork.co.mz\/giftcard\/wp-json\/wp\/v2\/product_cat?post=8009"},{"taxonomy":"product_tag","embeddable":true,"href":"https:\/\/voonetwork.co.mz\/giftcard\/wp-json\/wp\/v2\/product_tag?post=8009"}],"curies":[{"name":"wp","href":"https:\/\/api.w.org\/{rel}","templated":true}]}}