{"id":8011,"date":"2026-01-07T10:18:27","date_gmt":"2026-01-07T10:18:27","guid":{"rendered":"https:\/\/voonetwork.co.mz\/giftcard\/?post_type=product&#038;p=8011"},"modified":"2026-01-07T10:28:40","modified_gmt":"2026-01-07T10:28:40","slug":"netflix-us-15","status":"publish","type":"product","link":"https:\/\/voonetwork.co.mz\/giftcard\/produto\/netflix-us-15\/","title":{"rendered":"Netflix US $15"},"content":{"rendered":"<p>Com filmes, s\u00e9ries e programa\u00e7\u00e3o original, um Netflix tem op\u00e7\u00f5es para todos os gostos. Com o cart\u00e3o pr\u00e9-pago, n\u00e3o assinantes podem come\u00e7ar a assistir aos melhores filmes e as s\u00e9ries em qualquer aparelho. Assinantes podem aplicar-lo para pagar sua mensalidade.<br \/>\nVoc\u00ea pode usar os\u00a0<strong>cart\u00f5es Netflix<\/strong>\u00a0pr\u00e9-pagos para pagar uma assinatura da Netflix ou dar de presente para amigos, familiares, professores e outras pessoas. O saldo do cart\u00e3o ser\u00e1 utilizado\u00a0para fazer o pagamento de uma conta Netflix nova ou j\u00e1 existente. O valor da mensalidade ser\u00e1 deduzido do saldo do cart\u00e3o Netflix pr\u00e9-pago, conforme o plano escolhido. Caso voc\u00ea seja um novo assinante, receber\u00e1 um m\u00eas de servi\u00e7o gr\u00e1tis antes que o valor seja deduzido. Ap\u00f3s o m\u00eas gr\u00e1tis, a Netflix ir\u00e1 a deduzir o valor mensal de seu plano do saldo do cart\u00e3o. O saldo do cart\u00e3o \u00e9 cumulativo, a\u00a0cada c\u00f3digo de cart\u00e3o-presente que voc\u00ea inserir em\u00a0<a href=\"http:\/\/netflix.com\/redeem\" target=\"_blank\" rel=\"noopener\">netflix.com\/redeem<\/a>, o saldo de sua conta aumentar\u00e1. Acesse a p\u00e1gina\u00a0<a href=\"https:\/\/www.netflix.com\/BillingActivity\" target=\"_blank\" rel=\"noopener\">Detalhes de faturamento<\/a>\u00a0para ver o saldo dispon\u00edvel.<\/p>\n<p><b>Termos e Condi\u00e7\u00f5es:\u00a0<\/b> V\u00e1lido apenas para resgate pelo servi\u00e7o Netflix nos Estados Unidos por meio de uma conta Netflix (\u00e9 preciso ser maior de 18 anos). O valor total do cart\u00e3o ser\u00e1 creditado \u00e0 sua conta Netflix no ato do resgate. Caso n\u00e3o seja cobr\u00e1vel (que seja exclu\u00eddo). N\u00e3o possui dados de vencimento. N\u00e3o pode ser revendido. A Netflix n\u00e3o \u00e9 responsabilizada por cart\u00f5es roubados ou usados sem autoriza\u00e7\u00e3o. A \u00edntegra dos termos dos cart\u00f5es se aplica, visite <a href=\"http:\/\/www.netflix.com.br\/termoscartao\" target=\"_blank\" rel=\"noopener\">www.netflix.com\/termoscartao<\/a>. Cart\u00f5es emitidos pela Netflix Entretenimento do USA Ltda.<\/p>\n","protected":false},"excerpt":{"rendered":"<p>Com o cart\u00e3o Netflix pr\u00e9-pago, n\u00e3o assinantes podem come\u00e7ar a assistir a programa\u00e7\u00e3o original Netflix, os melhores filmes e s\u00e9ries, em qualquer aparelho. Assinantes podem utiliz\u00e1-lo para pagar sua mensalidade. Vale Presente com $15, envio do c\u00f3digo digital via e-mail.<\/p>\n","protected":false},"featured_media":8012,"comment_status":"open","ping_status":"closed","template":"","meta":[],"product_brand":[],"product_cat":[16],"product_tag":[],"class_list":{"0":"post-8011","1":"product","2":"type-product","3":"status-publish","4":"has-post-thumbnail","6":"product_cat-netflix-giftcard","8":"first","9":"instock","10":"virtual","11":"taxable","12":"purchasable","13":"product-type-simple"},"jetpack_sharing_enabled":true,"_links":{"self":[{"href":"https:\/\/voonetwork.co.mz\/giftcard\/wp-json\/wp\/v2\/product\/8011","targetHints":{"allow":["GET"]}}],"collection":[{"href":"https:\/\/voonetwork.co.mz\/giftcard\/wp-json\/wp\/v2\/product"}],"about":[{"href":"https:\/\/voonetwork.co.mz\/giftcard\/wp-json\/wp\/v2\/types\/product"}],"replies":[{"embeddable":true,"href":"https:\/\/voonetwork.co.mz\/giftcard\/wp-json\/wp\/v2\/comments?post=8011"}],"wp:featuredmedia":[{"embeddable":true,"href":"https:\/\/voonetwork.co.mz\/giftcard\/wp-json\/wp\/v2\/media\/8012"}],"wp:attachment":[{"href":"https:\/\/voonetwork.co.mz\/giftcard\/wp-json\/wp\/v2\/media?parent=8011"}],"wp:term":[{"taxonomy":"product_brand","embeddable":true,"href":"https:\/\/voonetwork.co.mz\/giftcard\/wp-json\/wp\/v2\/product_brand?post=8011"},{"taxonomy":"product_cat","embeddable":true,"href":"https:\/\/voonetwork.co.mz\/giftcard\/wp-json\/wp\/v2\/product_cat?post=8011"},{"taxonomy":"product_tag","embeddable":true,"href":"https:\/\/voonetwork.co.mz\/giftcard\/wp-json\/wp\/v2\/product_tag?post=8011"}],"curies":[{"name":"wp","href":"https:\/\/api.w.org\/{rel}","templated":true}]}}